{"id":752,"date":"2024-06-17T13:46:27","date_gmt":"2024-06-17T11:46:27","guid":{"rendered":"https:\/\/autoescolamataro.com\/?page_id=752"},"modified":"2024-06-21T12:49:07","modified_gmt":"2024-06-21T10:49:07","slug":"qui-som","status":"publish","type":"page","link":"https:\/\/autoescolamataro.com\/es\/qui-som\/","title":{"rendered":"QUI\u00c9NES SOMOS - Historia"},"content":{"rendered":"<div data-elementor-type=\"wp-page\" data-elementor-id=\"752\" class=\"elementor elementor-752\" data-elementor-post-type=\"page\">\n\t\t\t\t<div class=\"elementor-element elementor-element-95fdc67 e-flex e-con-boxed e-con e-parent\" data-id=\"95fdc67\" data-element_type=\"container\" data-settings=\"{&quot;background_background&quot;:&quot;classic&quot;}\">\n\t\t\t\t\t<div class=\"e-con-inner\">\n\t\t\t\t<div class=\"elementor-element elementor-element-0544fe8 elementor-widget elementor-widget-heading\" data-id=\"0544fe8\" data-element_type=\"widget\" data-widget_type=\"heading.default\">\n\t\t\t\t<div class=\"elementor-widget-container\">\n\t\t\t\t\t<h2 class=\"elementor-heading-title elementor-size-default\">QUI\u00c9NES SOMOS - Historia<\/h2>\t\t\t\t<\/div>\n\t\t\t\t<\/div>\n\t\t\t\t\t<\/div>\n\t\t\t\t<\/div>\n\t\t<div class=\"elementor-element elementor-element-ebc3ce7 e-flex e-con-boxed e-con e-child\" data-id=\"ebc3ce7\" data-element_type=\"container\" data-settings=\"{&quot;background_background&quot;:&quot;classic&quot;}\">\n\t\t\t\t\t<div class=\"e-con-inner\">\n\t\t\t\t<div class=\"elementor-element elementor-element-d0523b9 elementor-widget__width-initial elementor-widget elementor-widget-text-editor\" data-id=\"d0523b9\" data-element_type=\"widget\" data-widget_type=\"text-editor.default\">\n\t\t\t\t<div class=\"elementor-widget-container\">\n\t\t\t\t\t\t\t\t\t<p><strong>En las calles empedradas de Matar\u00f3, en 1986, naci\u00f3 Autoescuela Matar\u00f3.<\/strong> un peque\u00f1o comercio con una visi\u00f3n clara: ense\u00f1ar a conducir con seguridad y confianza.<\/p>\t\t\t\t\t\t\t\t<\/div>\n\t\t\t\t<\/div>\n\t\t\t\t<div class=\"elementor-element elementor-element-e46830f elementor-widget__width-initial elementor-widget elementor-widget-text-editor\" data-id=\"e46830f\" data-element_type=\"widget\" data-widget_type=\"text-editor.default\">\n\t\t\t\t<div class=\"elementor-widget-container\">\n\t\t\t\t\t\t\t\t\t<p>La autoescuela no solo ense\u00f1aba a conducir, sino que tambi\u00e9n inculcaba valores de responsabilidad y respeto hacia la carretera.<\/p>\t\t\t\t\t\t\t\t<\/div>\n\t\t\t\t<\/div>\n\t\t\t\t<div class=\"elementor-element elementor-element-e0b8b93 elementor-widget elementor-widget-image\" data-id=\"e0b8b93\" data-element_type=\"widget\" data-widget_type=\"image.default\">\n\t\t\t\t<div class=\"elementor-widget-container\">\n\t\t\t\t\t\t\t\t\t\t\t\t\t\t\t<img fetchpriority=\"high\" decoding=\"async\" width=\"800\" height=\"568\" src=\"https:\/\/autoescolamataro.com\/wp-content\/uploads\/2024\/06\/RETRO-2-1024x727.jpg\" class=\"attachment-large size-large wp-image-753\" alt=\"\" srcset=\"https:\/\/autoescolamataro.com\/wp-content\/uploads\/2024\/06\/RETRO-2-1024x727.jpg 1024w, https:\/\/autoescolamataro.com\/wp-content\/uploads\/2024\/06\/RETRO-2-300x213.jpg 300w, https:\/\/autoescolamataro.com\/wp-content\/uploads\/2024\/06\/RETRO-2-768x545.jpg 768w, https:\/\/autoescolamataro.com\/wp-content\/uploads\/2024\/06\/RETRO-2-1536x1090.jpg 1536w, https:\/\/autoescolamataro.com\/wp-content\/uploads\/2024\/06\/RETRO-2-2048x1453.jpg 2048w, https:\/\/autoescolamataro.com\/wp-content\/uploads\/2024\/06\/RETRO-2-600x426.jpg 600w\" sizes=\"(max-width: 800px) 100vw, 800px\" \/>\t\t\t\t\t\t\t\t\t\t\t\t\t\t\t<\/div>\n\t\t\t\t<\/div>\n\t\t\t\t<div class=\"elementor-element elementor-element-74de6b9 elementor-widget__width-initial elementor-widget elementor-widget-text-editor\" data-id=\"74de6b9\" data-element_type=\"widget\" data-widget_type=\"text-editor.default\">\n\t\t\t\t<div class=\"elementor-widget-container\">\n\t\t\t\t\t\t\t\t\t<p>Con el paso de los a\u00f1os, <strong>Autoescuela Matar\u00f3 se expandi\u00f3 y su flota creci\u00f3<\/strong>, as\u00ed como su reputaci\u00f3n. Modernizaron sus veh\u00edculos y t\u00e9cnicas de ense\u00f1anza a los nuevos tiempos, pero siempre manteniendo la esencia de aquellos d\u00edas iniciales.<\/p>\t\t\t\t\t\t\t\t<\/div>\n\t\t\t\t<\/div>\n\t\t\t\t<div class=\"elementor-element elementor-element-b08c22d elementor-widget elementor-widget-image\" data-id=\"b08c22d\" data-element_type=\"widget\" data-widget_type=\"image.default\">\n\t\t\t\t<div class=\"elementor-widget-container\">\n\t\t\t\t\t\t\t\t\t\t\t\t\t\t\t<img decoding=\"async\" width=\"800\" height=\"569\" src=\"https:\/\/autoescolamataro.com\/wp-content\/uploads\/2024\/06\/RETRO-1-1024x728.jpg\" class=\"attachment-large size-large wp-image-754\" alt=\"\" srcset=\"https:\/\/autoescolamataro.com\/wp-content\/uploads\/2024\/06\/RETRO-1-1024x728.jpg 1024w, https:\/\/autoescolamataro.com\/wp-content\/uploads\/2024\/06\/RETRO-1-300x213.jpg 300w, https:\/\/autoescolamataro.com\/wp-content\/uploads\/2024\/06\/RETRO-1-768x546.jpg 768w, https:\/\/autoescolamataro.com\/wp-content\/uploads\/2024\/06\/RETRO-1-1536x1093.jpg 1536w, https:\/\/autoescolamataro.com\/wp-content\/uploads\/2024\/06\/RETRO-1-600x427.jpg 600w, https:\/\/autoescolamataro.com\/wp-content\/uploads\/2024\/06\/RETRO-1.jpg 2040w\" sizes=\"(max-width: 800px) 100vw, 800px\" \/>\t\t\t\t\t\t\t\t\t\t\t\t\t\t\t<\/div>\n\t\t\t\t<\/div>\n\t\t\t\t<div class=\"elementor-element elementor-element-6f107c7 elementor-widget__width-initial elementor-widget elementor-widget-text-editor\" data-id=\"6f107c7\" data-element_type=\"widget\" data-widget_type=\"text-editor.default\">\n\t\t\t\t<div class=\"elementor-widget-container\">\n\t\t\t\t\t\t\t\t\t<p>Orgullosos de poder seguir diciendo que es <strong>la \u00fanica autoescuela del Maresme que ofrece 6 horas de te\u00f3rica presenciales con profesor<\/strong>. Contamos, tambi\u00e9n, con un<strong> gran equipo de profesionales cualificados<\/strong> i<strong> de veh\u00edculos de calidad<\/strong> para asegurar una formaci\u00f3n completa, segura y c\u00f3moda.<\/p><p>Tres d\u00e9cadas despu\u00e9s, sigue siendo un pilar en la educaci\u00f3n vial de Matar\u00f3. Contin\u00faa preparando a las futuras generaciones asegurando que cada alumno reciba la atenci\u00f3n necesaria para desarrollar las habilidades de conducci\u00f3n esenciales.<\/p>\t\t\t\t\t\t\t\t<\/div>\n\t\t\t\t<\/div>\n\t\t\t\t<div class=\"elementor-element elementor-element-e559c56 elementor-widget elementor-widget-image\" data-id=\"e559c56\" data-element_type=\"widget\" data-widget_type=\"image.default\">\n\t\t\t\t<div class=\"elementor-widget-container\">\n\t\t\t\t\t\t\t\t\t\t\t\t\t\t\t<img decoding=\"async\" width=\"800\" height=\"534\" src=\"https:\/\/autoescolamataro.com\/wp-content\/uploads\/2024\/06\/Flota_01-1024x683.jpg\" class=\"attachment-large size-large wp-image-1044\" alt=\"\" srcset=\"https:\/\/autoescolamataro.com\/wp-content\/uploads\/2024\/06\/Flota_01-1024x683.jpg 1024w, https:\/\/autoescolamataro.com\/wp-content\/uploads\/2024\/06\/Flota_01-300x200.jpg 300w, https:\/\/autoescolamataro.com\/wp-content\/uploads\/2024\/06\/Flota_01-768x512.jpg 768w, https:\/\/autoescolamataro.com\/wp-content\/uploads\/2024\/06\/Flota_01-600x400.jpg 600w, https:\/\/autoescolamataro.com\/wp-content\/uploads\/2024\/06\/Flota_01.jpg 1500w\" sizes=\"(max-width: 800px) 100vw, 800px\" \/>\t\t\t\t\t\t\t\t\t\t\t\t\t\t\t<\/div>\n\t\t\t\t<\/div>\n\t\t\t\t\t<\/div>\n\t\t\t\t<\/div>\n\t\t\t\t<\/div>","protected":false},"excerpt":{"rendered":"<p>Als carrers empedrats de Matar\u00f3, l&#8217;any 1986, va n\u00e9ixer Autoescola Matar\u00f3, un petit comer\u00e7 amb una visi\u00f3 clara: ensenyar a conduir amb seguretat i confian\u00e7a. L&#8217;autoescola no sols ensenyava a conduir, sin\u00f3 que inculcava valors de responsabilitat i respecte a la carretera. A mesura del pas dels anys, Autoescola Matar\u00f3 es va expandir i la [&hellip;]<\/p>","protected":false},"author":2,"featured_media":0,"parent":0,"menu_order":0,"comment_status":"closed","ping_status":"closed","template":"","meta":{"_acf_changed":false,"footnotes":""},"class_list":["post-752","page","type-page","status-publish","hentry"],"acf":[],"_links":{"self":[{"href":"https:\/\/autoescolamataro.com\/es\/wp-json\/wp\/v2\/pages\/752","targetHints":{"allow":["GET"]}}],"collection":[{"href":"https:\/\/autoescolamataro.com\/es\/wp-json\/wp\/v2\/pages"}],"about":[{"href":"https:\/\/autoescolamataro.com\/es\/wp-json\/wp\/v2\/types\/page"}],"author":[{"embeddable":true,"href":"https:\/\/autoescolamataro.com\/es\/wp-json\/wp\/v2\/users\/2"}],"replies":[{"embeddable":true,"href":"https:\/\/autoescolamataro.com\/es\/wp-json\/wp\/v2\/comments?post=752"}],"version-history":[{"count":22,"href":"https:\/\/autoescolamataro.com\/es\/wp-json\/wp\/v2\/pages\/752\/revisions"}],"predecessor-version":[{"id":1083,"href":"https:\/\/autoescolamataro.com\/es\/wp-json\/wp\/v2\/pages\/752\/revisions\/1083"}],"wp:attachment":[{"href":"https:\/\/autoescolamataro.com\/es\/wp-json\/wp\/v2\/media?parent=752"}],"curies":[{"name":"wp","href":"https:\/\/api.w.org\/{rel}","templated":true}]}}